{"id":458,"date":"2021-10-20T15:35:00","date_gmt":"2021-10-20T13:35:00","guid":{"rendered":"http:\/\/photo-somelet.fr\/mariage_wedding\/?page_id=458"},"modified":"2021-10-20T20:32:25","modified_gmt":"2021-10-20T18:32:25","slug":"les-formules","status":"publish","type":"page","link":"http:\/\/photo-somelet.fr\/mariage_wedding\/les-formules\/","title":{"rendered":"Les formules"},"content":{"rendered":"\n<p class=\"has-text-align-center\"><strong>Basic ou Premium, les envies des uns ne sont pas les envies des autres.<\/strong><\/p>\n\n\n\n<p class=\"has-text-align-center\"><strong>A partir des pr\u00e9paratifs, jusqu&rsquo;\u00e0 tard dans la soir\u00e9e ou pour une formule plus courte.<\/strong><\/p>\n\n\n\n<p class=\"has-text-align-center\"><strong>Contactez-moi avec le formulaire pour que nous puissions voir ennsemble ce que<\/strong><\/p>\n\n\n\n<p class=\"has-text-align-center\"><strong>vous aimeriez avoir pour cette journ\u00e9e.<\/strong><\/p>\n","protected":false},"excerpt":{"rendered":"<p>Basic ou Premium, les envies des uns ne sont pas les envies des autres. A partir des pr\u00e9paratifs, jusqu&rsquo;\u00e0 tard dans la soir\u00e9e ou pour une formule plus courte. Contactez-moi avec le formulaire pour que nous puissions voir ennsemble ce que vous aimeriez avoir pour cette journ\u00e9e.<\/p>\n","protected":false},"author":1,"featured_media":0,"parent":0,"menu_order":0,"comment_status":"closed","ping_status":"closed","template":"","meta":{"footnotes":""},"class_list":["post-458","page","type-page","status-publish","hentry"],"jetpack_shortlink":"https:\/\/wp.me\/PdsKt2-7o","jetpack-related-posts":[],"jetpack_sharing_enabled":true,"_links":{"self":[{"href":"http:\/\/photo-somelet.fr\/mariage_wedding\/wp-json\/wp\/v2\/pages\/458","targetHints":{"allow":["GET"]}}],"collection":[{"href":"http:\/\/photo-somelet.fr\/mariage_wedding\/wp-json\/wp\/v2\/pages"}],"about":[{"href":"http:\/\/photo-somelet.fr\/mariage_wedding\/wp-json\/wp\/v2\/types\/page"}],"author":[{"embeddable":true,"href":"http:\/\/photo-somelet.fr\/mariage_wedding\/wp-json\/wp\/v2\/users\/1"}],"replies":[{"embeddable":true,"href":"http:\/\/photo-somelet.fr\/mariage_wedding\/wp-json\/wp\/v2\/comments?post=458"}],"version-history":[{"count":4,"href":"http:\/\/photo-somelet.fr\/mariage_wedding\/wp-json\/wp\/v2\/pages\/458\/revisions"}],"predecessor-version":[{"id":472,"href":"http:\/\/photo-somelet.fr\/mariage_wedding\/wp-json\/wp\/v2\/pages\/458\/revisions\/472"}],"wp:attachment":[{"href":"http:\/\/photo-somelet.fr\/mariage_wedding\/wp-json\/wp\/v2\/media?parent=458"}],"curies":[{"name":"wp","href":"https:\/\/api.w.org\/{rel}","templated":true}]}}