{"id":448,"date":"2021-10-20T15:22:00","date_gmt":"2021-10-20T13:22:00","guid":{"rendered":"http:\/\/photo-somelet.fr\/mariage_wedding\/?page_id=448"},"modified":"2021-10-20T15:31:11","modified_gmt":"2021-10-20T13:31:11","slug":"acceuil","status":"publish","type":"page","link":"http:\/\/photo-somelet.fr\/mariage_wedding\/","title":{"rendered":"Acceuil"},"content":{"rendered":"\n<h2 class=\"wp-block-heading\">Illustrer de belles histoires.<\/h2>\n\n\n\n<figure class=\"wp-block-gallery columns-1 is-cropped wp-block-gallery-1 is-layout-flex wp-block-gallery-is-layout-flex\"><ul class=\"blocks-gallery-grid\"><li class=\"blocks-gallery-item\"><figure><img data-recalc-dims=\"1\" loading=\"lazy\" decoding=\"async\" width=\"800\" height=\"533\" src=\"https:\/\/i0.wp.com\/photo-somelet.fr\/mariage_wedding\/wp-content\/uploads\/2021\/10\/la-ferme-du-chteau-de-draillan04-2d57.jpg?resize=800%2C533\" alt=\"\" data-id=\"449\" data-link=\"http:\/\/photo-somelet.fr\/mariage_wedding\/acceuil\/mariage-de-veronique-riou-ferat-mikael-14\/\" class=\"wp-image-449\" srcset=\"https:\/\/i0.wp.com\/photo-somelet.fr\/mariage_wedding\/wp-content\/uploads\/2021\/10\/la-ferme-du-chteau-de-draillan04-2d57.jpg?w=800 800w, https:\/\/i0.wp.com\/photo-somelet.fr\/mariage_wedding\/wp-content\/uploads\/2021\/10\/la-ferme-du-chteau-de-draillan04-2d57.jpg?resize=300%2C200 300w, https:\/\/i0.wp.com\/photo-somelet.fr\/mariage_wedding\/wp-content\/uploads\/2021\/10\/la-ferme-du-chteau-de-draillan04-2d57.jpg?resize=768%2C512 768w, https:\/\/i0.wp.com\/photo-somelet.fr\/mariage_wedding\/wp-content\/uploads\/2021\/10\/la-ferme-du-chteau-de-draillan04-2d57.jpg?resize=90%2C60 90w\" sizes=\"auto, (max-width: 800px) 100vw, 800px\" \/><\/figure><\/li><\/ul><\/figure>\n\n\n\n<h2 class=\"wp-block-heading\">Des couples me font confiance pour leur reportage de mariage, c\u2019est sur cette base que se noue cette relation.<\/h2>\n\n\n\n<p>Ne pas trahir cette confiance et prolonger ind\u00e9finiment votre plaisir, voici ma ligne de conduite.&nbsp;<\/p>\n\n\n\n<p>Ma pr\u00e9sence avant, pendant, apr\u00e8s le mariage est bas\u00e9e sur l\u2019\u00e9coute.&nbsp;<\/p>\n\n\n\n<p>Pour vous offrir le meilleur, il n\u2019y aura que moi \u00e0 votre service, de l\u2019organisation, jusqu\u2019\u00e0 l\u2019impression de votre livre ou album.&nbsp;<\/p>\n\n\n\n<p>Le jour du mariage, je pourrais faire \u00ab&nbsp;LE PHOTOGRAPHE&nbsp;\u00bb \u00eatre celui qui se la joue. Mais cette attitude viendrait perturber le d\u00e9roulement de&nbsp;<strong>VOTRE JOURN\u00c9E<\/strong>. Ma pr\u00e9sence se fait en douceur, sans intrusion. Fr\u00e9quemment, lors d\u2019une de ces journ\u00e9es, un invit\u00e9 me demande&nbsp;: \u00ab&nbsp;Vous \u00eates de la famille\u2009?&nbsp;\u00bb Cette mani\u00e8re de \u00ab&nbsp;<strong>PASSER INAPERCU<\/strong>&nbsp;\u00bb permet de capturer l\u2019inutile. Perdu au milieu de vos invit\u00e9s, je suis celui par qui vous pourrez red\u00e9couvrir cette journ\u00e9e.<\/p>\n\n\n\n<p>Les couples me confient la charge d\u2019immortaliser cette journ\u00e9e parce qu\u2019ils se retrouvent dans les images que je capture. Mon but n\u2019est pas de vous faire passer pour un autre, il est de faire en sorte qu\u2019en d\u00e9couvrant l\u2019ensemble du reportage, vous puissiez vous dire&nbsp;: \u00ab&nbsp;qu\u2019elle belle et magnifique journ\u00e9e&nbsp;\u00bb.&nbsp;<\/p>\n\n\n\n<p>Photos de couple : si tel n\u2019est pas votre souhait, je ne vous forcerai pas \u00e0 vous faire passer pour un autre. C\u2019est le moment o\u00f9 la confiance que vous avez d\u00e9pos\u00e9e entre mes mains est le plus bas\u00e9 sur l\u2019\u00e9coute. Mon travail est d\u2019interpr\u00e9ter de comprendre ce que vous souhaiter sans m\u00eame vous en rendre compte. Voici un exemple our illustrer cette id\u00e9e. En arrivant chez les parents de la mari\u00e9e, sur la pelouse \u00e0 l\u2019entr\u00e9e, un v\u00e9lo, tout vieux, mais tout beau. Plus tard, pendant les photos de pr\u00e9paratifs, la mari\u00e9e m\u2019explique. \u00ab&nbsp;En terminal, j\u2019avais un copain, mais j\u2019ai rompu au cours de l\u2019\u00e9t\u00e9. Peu de temps apr\u00e8s la rentr\u00e9e universitaire, lors d\u2019une gr\u00e8ve de bus, je vois passer Julien sur son v\u00e9lo. Je le connaissais nous \u00e9tions dans le m\u00eame lyc\u00e9e. Pass\u00e9 l\u2019instant de surprise et apr\u00e8s une longue conversation, il me propose de monter sur le porte-bagage pour m\u2019approcher de la FAC. Aujourd\u2019hui, nous nous marions, c\u2019est un peu gr\u00e2ce au petit v\u00e9lo. Julien r\u00eavait de moi depuis le lyc\u00e9e, il aura fallu : un \u00e9t\u00e9, une gr\u00e8ve et un petit v\u00e9lo&nbsp;&nbsp;Ce v\u00e9lo repr\u00e9sente le d\u00e9but de notre histoire&nbsp;\u00bb. Le plus extraordinaire est que ni l\u2019un, ni l\u2019autre n\u2019avaient pens\u00e9 \u00e0 utiliser le v\u00e9lo comme accessoire principal pour les photos de couple\u2026 J\u2019ai charg\u00e9 le v\u00e9lo dans ma voiture, plus tard dans la journ\u00e9e pendant le cocktail, j\u2019ai demand\u00e9 au couple de venir pour r\u00e9aliser une petite s\u00e9rie de portraits, pour mettre en sc\u00e8ne et immortaliser le symbole de leur union. Cette petite anecdote vous montre \u00e0 quel point votre histoire est la base de tout.&nbsp;<\/p>\n\n\n\n<p>J\u2019essaye de faire de belles photos, mais surtout, raconter de belles histoires en photos.<\/p>\n","protected":false},"excerpt":{"rendered":"<p>Illustrer de belles histoires. Des couples me font confiance pour leur reportage de mariage, c\u2019est sur cette base que se noue cette relation. Ne pas trahir cette confiance et prolonger ind\u00e9finiment votre plaisir, voici ma ligne de conduite.&nbsp; Ma pr\u00e9sence avant, pendant, apr\u00e8s le mariage est bas\u00e9e sur l\u2019\u00e9coute.&nbsp; Pour vous offrir le meilleur, il &hellip; <\/p>\n","protected":false},"author":1,"featured_media":0,"parent":0,"menu_order":0,"comment_status":"closed","ping_status":"closed","template":"","meta":{"footnotes":""},"class_list":["post-448","page","type-page","status-publish","hentry"],"jetpack_shortlink":"https:\/\/wp.me\/PdsKt2-7e","jetpack-related-posts":[],"jetpack_sharing_enabled":true,"_links":{"self":[{"href":"http:\/\/photo-somelet.fr\/mariage_wedding\/wp-json\/wp\/v2\/pages\/448","targetHints":{"allow":["GET"]}}],"collection":[{"href":"http:\/\/photo-somelet.fr\/mariage_wedding\/wp-json\/wp\/v2\/pages"}],"about":[{"href":"http:\/\/photo-somelet.fr\/mariage_wedding\/wp-json\/wp\/v2\/types\/page"}],"author":[{"embeddable":true,"href":"http:\/\/photo-somelet.fr\/mariage_wedding\/wp-json\/wp\/v2\/users\/1"}],"replies":[{"embeddable":true,"href":"http:\/\/photo-somelet.fr\/mariage_wedding\/wp-json\/wp\/v2\/comments?post=448"}],"version-history":[{"count":5,"href":"http:\/\/photo-somelet.fr\/mariage_wedding\/wp-json\/wp\/v2\/pages\/448\/revisions"}],"predecessor-version":[{"id":457,"href":"http:\/\/photo-somelet.fr\/mariage_wedding\/wp-json\/wp\/v2\/pages\/448\/revisions\/457"}],"wp:attachment":[{"href":"http:\/\/photo-somelet.fr\/mariage_wedding\/wp-json\/wp\/v2\/media?parent=448"}],"curies":[{"name":"wp","href":"https:\/\/api.w.org\/{rel}","templated":true}]}}