{"id":324,"date":"2021-10-20T14:53:23","date_gmt":"2021-10-20T12:53:23","guid":{"rendered":"http:\/\/photo-somelet.fr\/mariage_wedding\/?page_id=324"},"modified":"2021-10-20T14:54:24","modified_gmt":"2021-10-20T12:54:24","slug":"le-repas","status":"publish","type":"page","link":"http:\/\/photo-somelet.fr\/mariage_wedding\/le-repas\/","title":{"rendered":"Le repas"},"content":{"rendered":"\n<p>Le th\u00e9\u00e2tre de diff\u00e9rents instants avec les animations.<\/p>\n\n\n\n<div class=\"wp-block-jetpack-slideshow aligncenter\" data-autoplay=\"true\" data-delay=\"3\" data-effect=\"slide\"><div class=\"wp-block-jetpack-slideshow_container swiper-container\"><ul class=\"wp-block-jetpack-slideshow_swiper-wrapper swiper-wrapper\"><li class=\"wp-block-jetpack-slideshow_slide swiper-slide\"><figure><img data-recalc-dims=\"1\" loading=\"lazy\" decoding=\"async\" width=\"600\" height=\"900\" alt=\"\" class=\"wp-block-jetpack-slideshow_image wp-image-325\" data-id=\"325\" src=\"https:\/\/i0.wp.com\/photo-somelet.fr\/mariage_wedding\/wp-content\/uploads\/2021\/10\/cocktail-portrait-2bfb.jpg?resize=600%2C900\" srcset=\"https:\/\/i0.wp.com\/photo-somelet.fr\/mariage_wedding\/wp-content\/uploads\/2021\/10\/cocktail-portrait-2bfb.jpg?w=600 600w, https:\/\/i0.wp.com\/photo-somelet.fr\/mariage_wedding\/wp-content\/uploads\/2021\/10\/cocktail-portrait-2bfb.jpg?resize=200%2C300 200w, https:\/\/i0.wp.com\/photo-somelet.fr\/mariage_wedding\/wp-content\/uploads\/2021\/10\/cocktail-portrait-2bfb.jpg?resize=40%2C60 40w\" sizes=\"(max-width: 600px) 100vw, 600px\" \/><\/figure><\/li><li class=\"wp-block-jetpack-slideshow_slide swiper-slide\"><figure><img data-recalc-dims=\"1\" loading=\"lazy\" decoding=\"async\" width=\"900\" height=\"600\" alt=\"\" class=\"wp-block-jetpack-slideshow_image wp-image-326\" data-id=\"326\" src=\"https:\/\/i0.wp.com\/photo-somelet.fr\/mariage_wedding\/wp-content\/uploads\/2021\/10\/dco-table-4-2bfd.jpg?resize=900%2C600\" srcset=\"https:\/\/i0.wp.com\/photo-somelet.fr\/mariage_wedding\/wp-content\/uploads\/2021\/10\/dco-table-4-2bfd.jpg?w=900 900w, https:\/\/i0.wp.com\/photo-somelet.fr\/mariage_wedding\/wp-content\/uploads\/2021\/10\/dco-table-4-2bfd.jpg?resize=300%2C200 300w, https:\/\/i0.wp.com\/photo-somelet.fr\/mariage_wedding\/wp-content\/uploads\/2021\/10\/dco-table-4-2bfd.jpg?resize=768%2C512 768w, https:\/\/i0.wp.com\/photo-somelet.fr\/mariage_wedding\/wp-content\/uploads\/2021\/10\/dco-table-4-2bfd.jpg?resize=90%2C60 90w\" sizes=\"(max-width: 900px) 100vw, 900px\" \/><\/figure><\/li><li class=\"wp-block-jetpack-slideshow_slide swiper-slide\"><figure><img data-recalc-dims=\"1\" loading=\"lazy\" decoding=\"async\" width=\"900\" height=\"600\" alt=\"\" class=\"wp-block-jetpack-slideshow_image wp-image-328\" data-id=\"328\" src=\"https:\/\/i0.wp.com\/photo-somelet.fr\/mariage_wedding\/wp-content\/uploads\/2021\/10\/dco-table-couple-2c7b.jpg?resize=900%2C600\" srcset=\"https:\/\/i0.wp.com\/photo-somelet.fr\/mariage_wedding\/wp-content\/uploads\/2021\/10\/dco-table-couple-2c7b.jpg?w=900 900w, https:\/\/i0.wp.com\/photo-somelet.fr\/mariage_wedding\/wp-content\/uploads\/2021\/10\/dco-table-couple-2c7b.jpg?resize=300%2C200 300w, https:\/\/i0.wp.com\/photo-somelet.fr\/mariage_wedding\/wp-content\/uploads\/2021\/10\/dco-table-couple-2c7b.jpg?resize=768%2C512 768w, https:\/\/i0.wp.com\/photo-somelet.fr\/mariage_wedding\/wp-content\/uploads\/2021\/10\/dco-table-couple-2c7b.jpg?resize=90%2C60 90w\" sizes=\"(max-width: 900px) 100vw, 900px\" \/><figcaption class=\"wp-block-jetpack-slideshow_caption gallery-caption\">Mariage de V\u00e9ronique Riou &amp; Ferat Mikael<\/figcaption><\/figure><\/li><li class=\"wp-block-jetpack-slideshow_slide swiper-slide\"><figure><img data-recalc-dims=\"1\" loading=\"lazy\" decoding=\"async\" width=\"900\" height=\"600\" alt=\"\" class=\"wp-block-jetpack-slideshow_image wp-image-329\" data-id=\"329\" src=\"https:\/\/i0.wp.com\/photo-somelet.fr\/mariage_wedding\/wp-content\/uploads\/2021\/10\/dcoration-table-tanaga-2bff.jpg?resize=900%2C600\" srcset=\"https:\/\/i0.wp.com\/photo-somelet.fr\/mariage_wedding\/wp-content\/uploads\/2021\/10\/dcoration-table-tanaga-2bff.jpg?w=900 900w, https:\/\/i0.wp.com\/photo-somelet.fr\/mariage_wedding\/wp-content\/uploads\/2021\/10\/dcoration-table-tanaga-2bff.jpg?resize=300%2C200 300w, https:\/\/i0.wp.com\/photo-somelet.fr\/mariage_wedding\/wp-content\/uploads\/2021\/10\/dcoration-table-tanaga-2bff.jpg?resize=768%2C512 768w, https:\/\/i0.wp.com\/photo-somelet.fr\/mariage_wedding\/wp-content\/uploads\/2021\/10\/dcoration-table-tanaga-2bff.jpg?resize=90%2C60 90w\" sizes=\"(max-width: 900px) 100vw, 900px\" \/><\/figure><\/li><li class=\"wp-block-jetpack-slideshow_slide swiper-slide\"><figure><img data-recalc-dims=\"1\" loading=\"lazy\" decoding=\"async\" width=\"900\" height=\"600\" alt=\"\" class=\"wp-block-jetpack-slideshow_image wp-image-331\" data-id=\"331\" src=\"https:\/\/i0.wp.com\/photo-somelet.fr\/mariage_wedding\/wp-content\/uploads\/2021\/10\/deco-de-table-mariage-2c77.jpg?resize=900%2C600\" srcset=\"https:\/\/i0.wp.com\/photo-somelet.fr\/mariage_wedding\/wp-content\/uploads\/2021\/10\/deco-de-table-mariage-2c77.jpg?w=900 900w, https:\/\/i0.wp.com\/photo-somelet.fr\/mariage_wedding\/wp-content\/uploads\/2021\/10\/deco-de-table-mariage-2c77.jpg?resize=300%2C200 300w, https:\/\/i0.wp.com\/photo-somelet.fr\/mariage_wedding\/wp-content\/uploads\/2021\/10\/deco-de-table-mariage-2c77.jpg?resize=768%2C512 768w, https:\/\/i0.wp.com\/photo-somelet.fr\/mariage_wedding\/wp-content\/uploads\/2021\/10\/deco-de-table-mariage-2c77.jpg?resize=90%2C60 90w\" sizes=\"(max-width: 900px) 100vw, 900px\" \/><\/figure><\/li><li class=\"wp-block-jetpack-slideshow_slide swiper-slide\"><figure><img data-recalc-dims=\"1\" loading=\"lazy\" decoding=\"async\" width=\"600\" height=\"900\" alt=\"\" class=\"wp-block-jetpack-slideshow_image wp-image-332\" data-id=\"332\" src=\"https:\/\/i0.wp.com\/photo-somelet.fr\/mariage_wedding\/wp-content\/uploads\/2021\/10\/gateau-de-mariage-2-2c03.jpg?resize=600%2C900\" srcset=\"https:\/\/i0.wp.com\/photo-somelet.fr\/mariage_wedding\/wp-content\/uploads\/2021\/10\/gateau-de-mariage-2-2c03.jpg?w=600 600w, https:\/\/i0.wp.com\/photo-somelet.fr\/mariage_wedding\/wp-content\/uploads\/2021\/10\/gateau-de-mariage-2-2c03.jpg?resize=200%2C300 200w, https:\/\/i0.wp.com\/photo-somelet.fr\/mariage_wedding\/wp-content\/uploads\/2021\/10\/gateau-de-mariage-2-2c03.jpg?resize=40%2C60 40w\" sizes=\"(max-width: 600px) 100vw, 600px\" \/><\/figure><\/li><li class=\"wp-block-jetpack-slideshow_slide swiper-slide\"><figure><img data-recalc-dims=\"1\" loading=\"lazy\" decoding=\"async\" width=\"600\" height=\"900\" alt=\"\" class=\"wp-block-jetpack-slideshow_image wp-image-333\" data-id=\"333\" src=\"https:\/\/i0.wp.com\/photo-somelet.fr\/mariage_wedding\/wp-content\/uploads\/2021\/10\/gateau-de-mariage-2c04.jpg?resize=600%2C900\" srcset=\"https:\/\/i0.wp.com\/photo-somelet.fr\/mariage_wedding\/wp-content\/uploads\/2021\/10\/gateau-de-mariage-2c04.jpg?w=600 600w, https:\/\/i0.wp.com\/photo-somelet.fr\/mariage_wedding\/wp-content\/uploads\/2021\/10\/gateau-de-mariage-2c04.jpg?resize=200%2C300 200w, https:\/\/i0.wp.com\/photo-somelet.fr\/mariage_wedding\/wp-content\/uploads\/2021\/10\/gateau-de-mariage-2c04.jpg?resize=40%2C60 40w\" sizes=\"(max-width: 600px) 100vw, 600px\" \/><\/figure><\/li><li class=\"wp-block-jetpack-slideshow_slide swiper-slide\"><figure><img data-recalc-dims=\"1\" loading=\"lazy\" decoding=\"async\" width=\"533\" height=\"800\" alt=\"\" class=\"wp-block-jetpack-slideshow_image wp-image-334\" data-id=\"334\" src=\"https:\/\/i0.wp.com\/photo-somelet.fr\/mariage_wedding\/wp-content\/uploads\/2021\/10\/img1629-2ebf.jpg?resize=533%2C800\" srcset=\"https:\/\/i0.wp.com\/photo-somelet.fr\/mariage_wedding\/wp-content\/uploads\/2021\/10\/img1629-2ebf.jpg?w=533 533w, https:\/\/i0.wp.com\/photo-somelet.fr\/mariage_wedding\/wp-content\/uploads\/2021\/10\/img1629-2ebf.jpg?resize=200%2C300 200w, https:\/\/i0.wp.com\/photo-somelet.fr\/mariage_wedding\/wp-content\/uploads\/2021\/10\/img1629-2ebf.jpg?resize=40%2C60 40w\" sizes=\"(max-width: 533px) 100vw, 533px\" \/><\/figure><\/li><li class=\"wp-block-jetpack-slideshow_slide swiper-slide\"><figure><img data-recalc-dims=\"1\" loading=\"lazy\" decoding=\"async\" width=\"800\" height=\"533\" alt=\"\" class=\"wp-block-jetpack-slideshow_image wp-image-335\" data-id=\"335\" src=\"https:\/\/i0.wp.com\/photo-somelet.fr\/mariage_wedding\/wp-content\/uploads\/2021\/10\/k3l3178-2dcc.jpg?resize=800%2C533\" srcset=\"https:\/\/i0.wp.com\/photo-somelet.fr\/mariage_wedding\/wp-content\/uploads\/2021\/10\/k3l3178-2dcc.jpg?w=800 800w, https:\/\/i0.wp.com\/photo-somelet.fr\/mariage_wedding\/wp-content\/uploads\/2021\/10\/k3l3178-2dcc.jpg?resize=300%2C200 300w, https:\/\/i0.wp.com\/photo-somelet.fr\/mariage_wedding\/wp-content\/uploads\/2021\/10\/k3l3178-2dcc.jpg?resize=768%2C512 768w, https:\/\/i0.wp.com\/photo-somelet.fr\/mariage_wedding\/wp-content\/uploads\/2021\/10\/k3l3178-2dcc.jpg?resize=90%2C60 90w\" sizes=\"(max-width: 800px) 100vw, 800px\" \/><\/figure><\/li><li class=\"wp-block-jetpack-slideshow_slide swiper-slide\"><figure><img data-recalc-dims=\"1\" loading=\"lazy\" decoding=\"async\" width=\"800\" height=\"533\" alt=\"\" class=\"wp-block-jetpack-slideshow_image wp-image-336\" data-id=\"336\" src=\"https:\/\/i0.wp.com\/photo-somelet.fr\/mariage_wedding\/wp-content\/uploads\/2021\/10\/k3l3194-2dcd.jpg?resize=800%2C533\" srcset=\"https:\/\/i0.wp.com\/photo-somelet.fr\/mariage_wedding\/wp-content\/uploads\/2021\/10\/k3l3194-2dcd.jpg?w=800 800w, https:\/\/i0.wp.com\/photo-somelet.fr\/mariage_wedding\/wp-content\/uploads\/2021\/10\/k3l3194-2dcd.jpg?resize=300%2C200 300w, https:\/\/i0.wp.com\/photo-somelet.fr\/mariage_wedding\/wp-content\/uploads\/2021\/10\/k3l3194-2dcd.jpg?resize=768%2C512 768w, https:\/\/i0.wp.com\/photo-somelet.fr\/mariage_wedding\/wp-content\/uploads\/2021\/10\/k3l3194-2dcd.jpg?resize=90%2C60 90w\" sizes=\"(max-width: 800px) 100vw, 800px\" \/><\/figure><\/li><li class=\"wp-block-jetpack-slideshow_slide swiper-slide\"><figure><img data-recalc-dims=\"1\" loading=\"lazy\" decoding=\"async\" width=\"900\" height=\"600\" alt=\"\" class=\"wp-block-jetpack-slideshow_image wp-image-337\" data-id=\"337\" src=\"https:\/\/i0.wp.com\/photo-somelet.fr\/mariage_wedding\/wp-content\/uploads\/2021\/10\/menu-2c00.jpg?resize=900%2C600\" srcset=\"https:\/\/i0.wp.com\/photo-somelet.fr\/mariage_wedding\/wp-content\/uploads\/2021\/10\/menu-2c00.jpg?w=900 900w, https:\/\/i0.wp.com\/photo-somelet.fr\/mariage_wedding\/wp-content\/uploads\/2021\/10\/menu-2c00.jpg?resize=300%2C200 300w, https:\/\/i0.wp.com\/photo-somelet.fr\/mariage_wedding\/wp-content\/uploads\/2021\/10\/menu-2c00.jpg?resize=768%2C512 768w, https:\/\/i0.wp.com\/photo-somelet.fr\/mariage_wedding\/wp-content\/uploads\/2021\/10\/menu-2c00.jpg?resize=90%2C60 90w\" sizes=\"(max-width: 900px) 100vw, 900px\" \/><\/figure><\/li><li class=\"wp-block-jetpack-slideshow_slide swiper-slide\"><figure><img data-recalc-dims=\"1\" loading=\"lazy\" decoding=\"async\" width=\"800\" height=\"533\" alt=\"\" class=\"wp-block-jetpack-slideshow_image wp-image-338\" data-id=\"338\" src=\"https:\/\/i0.wp.com\/photo-somelet.fr\/mariage_wedding\/wp-content\/uploads\/2021\/10\/mk3l6674-2ee5.jpg?resize=800%2C533\" srcset=\"https:\/\/i0.wp.com\/photo-somelet.fr\/mariage_wedding\/wp-content\/uploads\/2021\/10\/mk3l6674-2ee5.jpg?w=800 800w, https:\/\/i0.wp.com\/photo-somelet.fr\/mariage_wedding\/wp-content\/uploads\/2021\/10\/mk3l6674-2ee5.jpg?resize=300%2C200 300w, https:\/\/i0.wp.com\/photo-somelet.fr\/mariage_wedding\/wp-content\/uploads\/2021\/10\/mk3l6674-2ee5.jpg?resize=768%2C512 768w, https:\/\/i0.wp.com\/photo-somelet.fr\/mariage_wedding\/wp-content\/uploads\/2021\/10\/mk3l6674-2ee5.jpg?resize=90%2C60 90w\" sizes=\"(max-width: 800px) 100vw, 800px\" \/><\/figure><\/li><li class=\"wp-block-jetpack-slideshow_slide swiper-slide\"><figure><img data-recalc-dims=\"1\" loading=\"lazy\" decoding=\"async\" width=\"533\" height=\"800\" alt=\"\" class=\"wp-block-jetpack-slideshow_image wp-image-339\" data-id=\"339\" src=\"https:\/\/i0.wp.com\/photo-somelet.fr\/mariage_wedding\/wp-content\/uploads\/2021\/10\/mk3l7981-2eb9.jpg?resize=533%2C800\" srcset=\"https:\/\/i0.wp.com\/photo-somelet.fr\/mariage_wedding\/wp-content\/uploads\/2021\/10\/mk3l7981-2eb9.jpg?w=533 533w, https:\/\/i0.wp.com\/photo-somelet.fr\/mariage_wedding\/wp-content\/uploads\/2021\/10\/mk3l7981-2eb9.jpg?resize=200%2C300 200w, https:\/\/i0.wp.com\/photo-somelet.fr\/mariage_wedding\/wp-content\/uploads\/2021\/10\/mk3l7981-2eb9.jpg?resize=40%2C60 40w\" sizes=\"(max-width: 533px) 100vw, 533px\" \/><\/figure><\/li><li class=\"wp-block-jetpack-slideshow_slide swiper-slide\"><figure><img data-recalc-dims=\"1\" loading=\"lazy\" decoding=\"async\" width=\"533\" height=\"800\" alt=\"\" class=\"wp-block-jetpack-slideshow_image wp-image-340\" data-id=\"340\" src=\"https:\/\/i0.wp.com\/photo-somelet.fr\/mariage_wedding\/wp-content\/uploads\/2021\/10\/mk3l7983-2eb8.jpg?resize=533%2C800\" srcset=\"https:\/\/i0.wp.com\/photo-somelet.fr\/mariage_wedding\/wp-content\/uploads\/2021\/10\/mk3l7983-2eb8.jpg?w=533 533w, https:\/\/i0.wp.com\/photo-somelet.fr\/mariage_wedding\/wp-content\/uploads\/2021\/10\/mk3l7983-2eb8.jpg?resize=200%2C300 200w, https:\/\/i0.wp.com\/photo-somelet.fr\/mariage_wedding\/wp-content\/uploads\/2021\/10\/mk3l7983-2eb8.jpg?resize=40%2C60 40w\" sizes=\"(max-width: 533px) 100vw, 533px\" \/><\/figure><\/li><li class=\"wp-block-jetpack-slideshow_slide swiper-slide\"><figure><img data-recalc-dims=\"1\" loading=\"lazy\" decoding=\"async\" width=\"600\" height=\"900\" alt=\"\" class=\"wp-block-jetpack-slideshow_image wp-image-341\" data-id=\"341\" src=\"https:\/\/i0.wp.com\/photo-somelet.fr\/mariage_wedding\/wp-content\/uploads\/2021\/10\/photoreportagemariagedansesoiree-2b71.jpg?resize=600%2C900\" srcset=\"https:\/\/i0.wp.com\/photo-somelet.fr\/mariage_wedding\/wp-content\/uploads\/2021\/10\/photoreportagemariagedansesoiree-2b71.jpg?w=600 600w, https:\/\/i0.wp.com\/photo-somelet.fr\/mariage_wedding\/wp-content\/uploads\/2021\/10\/photoreportagemariagedansesoiree-2b71.jpg?resize=200%2C300 200w, https:\/\/i0.wp.com\/photo-somelet.fr\/mariage_wedding\/wp-content\/uploads\/2021\/10\/photoreportagemariagedansesoiree-2b71.jpg?resize=40%2C60 40w\" sizes=\"(max-width: 600px) 100vw, 600px\" \/><\/figure><\/li><\/ul><a class=\"wp-block-jetpack-slideshow_button-prev swiper-button-prev swiper-button-white\" role=\"button\"><\/a><a class=\"wp-block-jetpack-slideshow_button-next swiper-button-next swiper-button-white\" role=\"button\"><\/a><a aria-label=\"Pause Slideshow\" class=\"wp-block-jetpack-slideshow_button-pause\" role=\"button\"><\/a><div class=\"wp-block-jetpack-slideshow_pagination swiper-pagination swiper-pagination-white\"><\/div><\/div><\/div>\n","protected":false},"excerpt":{"rendered":"<p>Le th\u00e9\u00e2tre de diff\u00e9rents instants avec les animations.<\/p>\n","protected":false},"author":1,"featured_media":0,"parent":0,"menu_order":0,"comment_status":"closed","ping_status":"closed","template":"","meta":{"footnotes":""},"class_list":["post-324","page","type-page","status-publish","hentry"],"jetpack_shortlink":"https:\/\/wp.me\/PdsKt2-5e","jetpack-related-posts":[],"jetpack_sharing_enabled":true,"_links":{"self":[{"href":"http:\/\/photo-somelet.fr\/mariage_wedding\/wp-json\/wp\/v2\/pages\/324","targetHints":{"allow":["GET"]}}],"collection":[{"href":"http:\/\/photo-somelet.fr\/mariage_wedding\/wp-json\/wp\/v2\/pages"}],"about":[{"href":"http:\/\/photo-somelet.fr\/mariage_wedding\/wp-json\/wp\/v2\/types\/page"}],"author":[{"embeddable":true,"href":"http:\/\/photo-somelet.fr\/mariage_wedding\/wp-json\/wp\/v2\/users\/1"}],"replies":[{"embeddable":true,"href":"http:\/\/photo-somelet.fr\/mariage_wedding\/wp-json\/wp\/v2\/comments?post=324"}],"version-history":[{"count":3,"href":"http:\/\/photo-somelet.fr\/mariage_wedding\/wp-json\/wp\/v2\/pages\/324\/revisions"}],"predecessor-version":[{"id":344,"href":"http:\/\/photo-somelet.fr\/mariage_wedding\/wp-json\/wp\/v2\/pages\/324\/revisions\/344"}],"wp:attachment":[{"href":"http:\/\/photo-somelet.fr\/mariage_wedding\/wp-json\/wp\/v2\/media?parent=324"}],"curies":[{"name":"wp","href":"https:\/\/api.w.org\/{rel}","templated":true}]}}